{"id":1063,"date":"2006-12-19T16:42:58","date_gmt":"2006-12-19T15:42:58","guid":{"rendered":"https:\/\/viscojis.cz\/teens\/vyziva-ve-vychove-ke-zdravi\/"},"modified":"2025-02-25T10:28:46","modified_gmt":"2025-02-25T09:28:46","slug":"vyziva-ve-vychove-ke-zdravi","status":"publish","type":"page","link":"https:\/\/viscojis.cz\/teens\/","title":{"rendered":"V\u00dd\u017dIVA VE V\u00ddCHOV\u011a KE ZDRAV\u00cd"},"content":{"rendered":"<p style=\"text-align: left\"><span style=\"color: #333399\"><strong>E-LEARNINGOV\u00dd KURZ \u201eV\u00dd\u017dIVA VE V\u00ddCHOV\u011a KE ZDRAV\u00cd\u201c<br \/>\nPRO \u0160KOLY I \u0160IROKOU VE\u0158EJNOST<\/strong><\/span><\/p>\n<p><img loading=\"lazy\" decoding=\"async\" style=\"float: left\" src=\"https:\/\/viscojis.cz\/teens-files\/stories\/doporuceni\/svacinka%20maly.jpg\" alt=\"svacinka maly\" width=\"147\" height=\"127\" \/><strong><br \/>\nInforma\u010dn\u00ed centrum bezpe\u010dnosti potravin Ministerstva zem\u011bd\u011blstv\u00ed nab\u00edz\u00ed pedagog\u016fm a student\u016fm gymn\u00e1zi\u00ed, st\u0159edn\u00edch zdravotnick\u00fdch \u0161kol, st\u0159edn\u00edch \u0161kol a u\u010dili\u0161\u0165 s potravin\u00e1\u0159sk\u00fdm zam\u011b\u0159en\u00edm, ale i v\u0161em z\u00e1jemc\u016fm o zdrav\u00fd \u017eivotn\u00ed styl z\u00a0\u0159ad \u0161irok\u00e9 ve\u0159ejnosti e-learningov\u00fd kurz \u201eV\u00fd\u017eiva ve v\u00fdchov\u011b ke zdrav\u00ed\u201c.<\/strong><\/p>\n<p><strong>K pou\u017e\u00edv\u00e1n\u00ed tohoto kurzu je pot\u0159eba vyplnit a odeslat registra\u010dn\u00ed formul\u00e1\u0159 uveden\u00fd zde:<br \/>\n<a href=\"https:\/\/bezpecnostpotravin.cz\/novy-rocnik-e-learningoveho-kurzu-vyziva-ve-vychove-ke-zdravi\/\">E-learningov\u00fd kurz \u201eV\u00fd\u017eiva ve v\u00fdchov\u011b ke zdrav\u00ed\u201c \u2013 Bezpe\u010dnost potravin<\/a>.<\/strong>\u00a0Po odesl\u00e1n\u00ed formul\u00e1\u0159e obdr\u017e\u00ed ka\u017ed\u00fd z\u00e1jemce o kurz informaci potvrzuj\u00edc\u00ed registraci. Datum zah\u00e1jen\u00ed kurzu a p\u0159\u00edstupov\u00e9 \u00fadaje budou zasl\u00e1ny n\u00e1sledn\u011b.<\/p>\n<p><strong>E-learningov\u00fd kurz bude pro ka\u017ed\u00e9ho registrovan\u00e9ho u\u017eivatele p\u0159\u00edstupn\u00fd 3 m\u011bs\u00edce.<\/strong> Spu\u0161t\u011bn\u00ed kurzu prob\u011bhne v\u017edy za\u010d\u00e1tkem m\u011bs\u00edce n\u00e1sleduj\u00edc\u00edho po registraci.<\/p>\n<p>V\u00edce informac\u00ed o kurzu naleznete\u00a0<a href=\"https:\/\/bezpecnostpotravin.cz\/files\/2025\/02\/e-learning_info_24.pdf\"><strong>ZDE<\/strong><\/a><span style=\"color: #000000\">.<\/span><\/p>\n<p style=\"text-align: left\">\n<p><span style=\"color: #333399\"><strong>V\u00ddUKOV\u00dd PROGRAM PRO PEDAGOGY 2. STUPN\u011a Z\u0160<\/strong><\/span><br \/>\n<img loading=\"lazy\" decoding=\"async\" style=\"float: right\" src=\"https:\/\/viscojis.cz\/teens-files\/stories\/pohyb\/ucitel%20u%20tabule_m.jpg\" alt=\"ucitel u tabule m\" width=\"258\" height=\"191\" \/><\/p>\n<p>V\u00e1\u017een\u00ed u\u017eivatel\u00e9,<\/p>\n<p>v\u00edt\u00e1me v\u00e1s na webov\u00fdch str\u00e1nk\u00e1ch, kter\u00e9 byly vytvo\u0159eny na podporu nov\u00e9ho v\u00fdukov\u00e9ho programu V\u00dd\u017dIVA VE V\u00ddCHOV\u011a KE ZDRAV\u00cd.<\/p>\n<p>V\u00fdukov\u00fd program a jeho sou\u010d\u00e1sti vznikli ve spolupr\u00e1ci Informa\u010dn\u00edho centra bezpe\u010dnosti potravin Ministerstva zem\u011bd\u011blstv\u00ed, Ministerstva \u0161kolstv\u00ed, ml\u00e1de\u017ee a t\u011blov\u00fdchovy, 3. l\u00e9ka\u0159sk\u00e9 fakulty UK, Ministerstva zdravotnictv\u00ed, \u00dastavu zem\u011bd\u011blsk\u00e9 ekonomiky a informac\u00ed a Spole\u010dnosti pro v\u00fd\u017eivu.<\/p>\n<p><a href=\"https:\/\/viscojis.cz\/teens-files\/Stahni_si\/V\u00fdukov\u00fd%20program_aktualizace%20[2018]-20-9-2018.pdf\" target=\"_blank\" rel=\"noopener noreferrer\"><strong>V\u00fdukov\u00fd program<\/strong><\/a> je ur\u010den\u00fd p\u0159edev\u0161\u00edm pedagog\u016fm a \u017e\u00e1k\u016fm 2. stupn\u011b Z\u0160. Jeho c\u00edlem je nab\u00eddnout kvalitn\u00ed podp\u016frn\u00fd vzd\u011bl\u00e1vac\u00ed materi\u00e1l, kter\u00fd vych\u00e1z\u00ed z ov\u011b\u0159en\u00fdch odborn\u00fdch zdroj\u016f a m\u00e1 ambice zatraktivnit v\u00fduku dan\u00e9ho t\u00e9matu.<\/p>\n<p>V\u00fdukov\u00fd program je rozd\u011blen do \u0161esti z\u00e1kladn\u00edch oblast\u00ed t\u00fdkaj\u00edc\u00ed se v\u00fd\u017eivy a bezpe\u010dnosti potravin:\u00a0 \u017diviny a voda, V\u00fd\u017eivov\u00e1 doporu\u010den\u00ed, V\u00fd\u017eiva a nemoci, N\u00e1kazy z potravy a jejich prevence, Otravy z potravy, Potraviny a bezpe\u010dnost. Ka\u017ed\u00fd pedagog m\u00e1 mo\u017enost si ke sv\u00e9 v\u00fduce vybrat bu\u010f cel\u00fd program, nebo pouze jednotliv\u00e1 t\u00e9mata.<\/p>\n<p>V\u00fdukov\u00fd program je dopln\u011bn <strong><a href=\"https:\/\/www.bezpecnostpotravin.cz\/UserFiles\/publikace1\/Vyziva_ve_vychove_ke_zdravi_6-7_rocnik_WEB.pdf\" target=\"_blank\" rel=\"noopener noreferrer\">u\u010debnic\u00ed pro 6. a 7. ro\u010dn\u00edk Z\u0160 a odpov\u00eddaj\u00edc\u00ed ro\u010dn\u00edky v\u00edcelet\u00fdch gymn\u00e1zi\u00ed<\/a><\/strong> a <a href=\"https:\/\/www.bezpecnostpotravin.cz\/UserFiles\/publikace1\/U%C4%8Debnice%208-9%20WEB.pdf\" target=\"_blank\" rel=\"noopener noreferrer\"><strong>u\u010debnic\u00ed pro 8. a 9. ro\u010dn\u00edk Z\u0160 a odpov\u00eddaj\u00edc\u00ed ro\u010dn\u00edky v\u00edcelet\u00fdch gymn\u00e1zi\u00ed<\/strong><\/a>, kter\u00e9 slou\u017e\u00ed k osvojen\u00ed a roz\u0161\u00ed\u0159en\u00ed znalost\u00ed z oblasti v\u00fd\u017eivy a bezpe\u010dn\u00e9ho stravov\u00e1n\u00ed a lep\u0161\u00ed orientaci ve sv\u011bt\u011b v\u00fd\u017eivy a potravin\u00e1\u0159sk\u00fdch v\u00fdrobk\u016f. Ob\u011b u\u010debnice jsou akreditov\u00e1ny M\u0160MT a dopln\u011bny pracovn\u00edmi listy.<\/p>\n<p>Dal\u0161\u00ed u\u010debn\u00ed pom\u016fckou k v\u00fdukov\u00e9mu programu jsou<strong><a href=\"https:\/\/viscojis.cz\/teens-files\/Stahni_si\/Vyziva_testy_Web.pdf\" target=\"_blank\" rel=\"noopener noreferrer\"> <strong>znalostn\u00ed testy<\/strong><\/a><\/strong>, pomoc\u00ed kter\u00fdch si \u017e\u00e1ci mohou otestovat sv\u00e9 znalosti.<\/p>\n<p>V\u00fdukov\u00fd program, u\u010debnice, pracovn\u00ed listy, znalostn\u00ed testy a dal\u0161\u00ed materi\u00e1ly naleznete v kategorii \u201eSt\u00e1hni si\u201c.<\/p>\n<p>V\u011b\u0159\u00edme, \u017ee v\u00fdukov\u00fd program a jeho doprovodn\u00e9 materi\u00e1ly pro v\u00e1s budou oporou nejen ve v\u00fduce, ale sou\u010dasn\u011b poslou\u017e\u00ed jako praktick\u00fd pr\u016fvodce sv\u011btem v\u00fd\u017eivov\u00fdch doporu\u010den\u00ed a zdrav\u00e9ho stravov\u00e1n\u00ed.<\/p>\n","protected":false},"excerpt":{"rendered":"<p>E-LEARNINGOV\u00dd KURZ \u201eV\u00dd\u017dIVA VE V\u00ddCHOV\u011a KE ZDRAV\u00cd\u201c PRO \u0160KOLY I \u0160IROKOU VE\u0158EJNOST Informa\u010dn\u00ed centrum bezpe\u010dnosti potravin Ministerstva zem\u011bd\u011blstv\u00ed nab\u00edz\u00ed pedagog\u016fm a student\u016fm gymn\u00e1zi\u00ed, st\u0159edn\u00edch zdravotnick\u00fdch \u0161kol, st\u0159edn\u00edch \u0161kol a u\u010dili\u0161\u0165 s potravin\u00e1\u0159sk\u00fdm zam\u011b\u0159en\u00edm, ale i v\u0161em z\u00e1jemc\u016fm o zdrav\u00fd \u017eivotn\u00ed styl z\u00a0\u0159ad \u0161irok\u00e9 ve\u0159ejnosti e-learningov\u00fd kurz \u201eV\u00fd\u017eiva ve v\u00fdchov\u011b ke zdrav\u00ed\u201c. K pou\u017e\u00edv\u00e1n\u00ed tohoto kurzu [&hellip;]<\/p>\n","protected":false},"author":6,"featured_media":0,"parent":0,"menu_order":0,"comment_status":"closed","ping_status":"closed","template":"","meta":{"_acf_changed":false,"footnotes":""},"class_list":["post-1063","page","type-page","status-publish","hentry"],"acf":[],"_links":{"self":[{"href":"https:\/\/viscojis.cz\/teens\/wp-json\/wp\/v2\/pages\/1063","targetHints":{"allow":["GET"]}}],"collection":[{"href":"https:\/\/viscojis.cz\/teens\/wp-json\/wp\/v2\/pages"}],"about":[{"href":"https:\/\/viscojis.cz\/teens\/wp-json\/wp\/v2\/types\/page"}],"author":[{"embeddable":true,"href":"https:\/\/viscojis.cz\/teens\/wp-json\/wp\/v2\/users\/6"}],"replies":[{"embeddable":true,"href":"https:\/\/viscojis.cz\/teens\/wp-json\/wp\/v2\/comments?post=1063"}],"version-history":[{"count":8,"href":"https:\/\/viscojis.cz\/teens\/wp-json\/wp\/v2\/pages\/1063\/revisions"}],"predecessor-version":[{"id":1645,"href":"https:\/\/viscojis.cz\/teens\/wp-json\/wp\/v2\/pages\/1063\/revisions\/1645"}],"wp:attachment":[{"href":"https:\/\/viscojis.cz\/teens\/wp-json\/wp\/v2\/media?parent=1063"}],"curies":[{"name":"wp","href":"https:\/\/api.w.org\/{rel}","templated":true}]}}